{"id":13,"date":"2016-07-05T07:30:25","date_gmt":"2016-07-05T07:30:25","guid":{"rendered":"http:\/\/martaniandemo.com\/wordpress\/psychological-practice\/?page_id=13"},"modified":"2026-01-15T17:06:21","modified_gmt":"2026-01-15T16:06:21","slug":"contact","status":"publish","type":"page","link":"https:\/\/psychologbielany.pl\/index.php\/contact\/","title":{"rendered":"Contact"},"content":{"rendered":"<p>[vc_row el_class=&#8221;martanian-row-without-padding&#8221; css=&#8221;.vc_custom_1596790702565{margin-top: 10% !important;}&#8221;][vc_column 0=&#8221;&#8221;][martanian_psychological_practice_shortcode_heading_with_icon title=&#8221;Kontakt&#8221; display_button=&#8221;&#8221;]<\/p>\n<h3 style=\"text-align: left;\">Zapisy, informacje, telefony:<\/h3>\n<div>\n<h3 style=\"text-align: left;\"><strong>Doro\u015bli:\u00a0<\/strong>+48 505 420 129<br \/>\n<strong>Dzieci i M\u0142odzie\u017c: <\/strong>+48 604 759 395<\/h3>\n<h3 style=\"text-align: left;\"><strong>W przypadku gdy nie odbierzemy telefonu, przepraszamy, oddzwonimy na pewno, gdy tylko b\u0119dzie to mo\u017cliwe.<\/strong><\/h3>\n<h3 style=\"text-align: left;\"><strong>Adres<\/strong>: ul. Schroegera 82 (r\u00f3g Przybyszewskiego) Dom Nauki CMKP, I pi\u0119tro lok. 127<\/h3>\n<h3 style=\"text-align: left;\"><strong>Dojazd<\/strong>:\u00a0<strong>doj\u015bcie 5 min. od stacji metra Stare Bielany.<\/strong><\/h3>\n<h3 style=\"text-align: left;\">W okolicy znajduje si\u0119\u00a0<strong>wiele miejsc parkingowych.<\/strong><\/h3>\n<\/div>\n<p>[\/martanian_psychological_practice_shortcode_heading_with_icon][vc_gmaps link=&#8221;#E-8_JTNDaWZyYW1lJTIwc3JjJTNEJTIyaHR0cHMlM0ElMkYlMkZ3d3cuZ29vZ2xlLmNvbSUyRm1hcHMlMkZlbWJlZCUzRnBiJTNEJTIxMW0xOCUyMTFtMTIlMjExbTMlMjExZDI0NDAuOTQ1NzgxOTY5NDElMjEyZDIwLjk0MTY4MjY1MTc4NDQ4NiUyMTNkNTIuMjgwNjg2Mjc5NjcwMjElMjEybTMlMjExZjAlMjEyZjAlMjEzZjAlMjEzbTIlMjExaTEwMjQlMjEyaTc2OCUyMTRmMTMuMSUyMTNtMyUyMTFtMiUyMTFzMHg0NzFlY2JjZDI5ZDE4NDM1JTI1M0EweDQ1NTc5OTMxMDVmOGM3M2IlMjEyc0VmcmFpbWElMkJTY2hyb2VnZXJhJTJCODIlMjUyQyUyQjAxLTgyOCUyQldhcnN6YXdhJTIxNWUwJTIxM20yJTIxMXNwbCUyMTJzcGwlMjE0djE0ODQxMzU1MjI0NzklMjIlMjB3aWR0aCUzRCUyMjYwMCUyMiUyMGhlaWdodCUzRCUyMjQ1MCUyMiUyMGZyYW1lYm9yZGVyJTNEJTIyMCUyMiUyMHN0eWxlJTNEJTIyYm9yZGVyJTNBMCUyMiUyMGFsbG93ZnVsbHNjcmVlbiUzRSUzQyUyRmlmcmFtZSUzRQ==&#8221; css=&#8221;.vc_custom_1596706982565{margin-top: -5% !important;margin-bottom: 5% !important;}&#8221;][\/vc_column][\/vc_row]<\/p>\n","protected":false},"excerpt":{"rendered":"<p>[vc_row el_class=&#8221;martanian-row-without-padding&#8221; css=&#8221;.vc_custom_1596790702565{margin-top: 10% !important;}&#8221;][vc_column 0=&#8221;&#8221;][martanian_psychological_practice_shortcode_heading_with_icon title=&#8221;Kontakt&#8221; display_button=&#8221;&#8221;] Zapisy, informacje, telefony: Doro\u015bli:\u00a0+48 505 420 129 Dzieci i M\u0142odzie\u017c: +48 604 759 395 W przypadku gdy nie odbierzemy telefonu, przepraszamy, oddzwonimy na pewno, gdy tylko b\u0119dzie to mo\u017cliwe. Adres: ul. Schroegera 82 (r\u00f3g Przybyszewskiego) Dom Nauki CMKP, I pi\u0119tro lok. 127 Dojazd:\u00a0doj\u015bcie 5 min. od stacji [&hellip;]<\/p>\n","protected":false},"author":1,"featured_media":0,"parent":0,"menu_order":0,"comment_status":"closed","ping_status":"closed","template":"","meta":{"footnotes":""},"class_list":["post-13","page","type-page","status-publish","hentry"],"_links":{"self":[{"href":"https:\/\/psychologbielany.pl\/index.php\/wp-json\/wp\/v2\/pages\/13","targetHints":{"allow":["GET"]}}],"collection":[{"href":"https:\/\/psychologbielany.pl\/index.php\/wp-json\/wp\/v2\/pages"}],"about":[{"href":"https:\/\/psychologbielany.pl\/index.php\/wp-json\/wp\/v2\/types\/page"}],"author":[{"embeddable":true,"href":"https:\/\/psychologbielany.pl\/index.php\/wp-json\/wp\/v2\/users\/1"}],"replies":[{"embeddable":true,"href":"https:\/\/psychologbielany.pl\/index.php\/wp-json\/wp\/v2\/comments?post=13"}],"version-history":[{"count":7,"href":"https:\/\/psychologbielany.pl\/index.php\/wp-json\/wp\/v2\/pages\/13\/revisions"}],"predecessor-version":[{"id":182,"href":"https:\/\/psychologbielany.pl\/index.php\/wp-json\/wp\/v2\/pages\/13\/revisions\/182"}],"wp:attachment":[{"href":"https:\/\/psychologbielany.pl\/index.php\/wp-json\/wp\/v2\/media?parent=13"}],"curies":[{"name":"wp","href":"https:\/\/api.w.org\/{rel}","templated":true}]}}